{"id":3,"date":"2021-02-13T18:54:20","date_gmt":"2021-02-13T17:54:20","guid":{"rendered":"https:\/\/www.reithof-piber.at\/nennung\/datenschutzerklaerung\/"},"modified":"2021-02-13T20:33:44","modified_gmt":"2021-02-13T19:33:44","slug":"datenschutzerklaerung","status":"publish","type":"page","link":"https:\/\/www.reithof-piber.at\/nennung\/datenschutzerklaerung\/","title":{"rendered":"Datenschutzerkl\u00e4rung"},"content":{"rendered":"\n<p>Der Schutz Ihrer pers\u00f6nlichen Daten ist uns ein besonderes Anliegen. Wir verarbeiten Ihre Daten daher ausschlie\u00dflich auf Grundlage der gesetzlichen Bestimmungen (DSGVO, TKG 2003). In diesen Datenschutzinformationen informieren wir Sie \u00fcber die wichtigsten Aspekte der Datenverarbeitung im Rahmen unserer Website. <\/p>\n\n\n\n<p>Beim Besuch unserer Webseite wird Ihre IP-Adresse, Beginn und Ende der Sitzung f\u00fcr die Dauer dieser Sitzung erfasst. Dies ist technisch bedingt und stellt damit ein berechtigtes Interesse iSv Art 6 Abs 1 lit f DSGVO dar. Soweit im Folgenden nichts anderes geregelt wird, werden diese Daten von uns nicht weiterverarbeitet.<\/p>\n\n\n\n<h3 class=\"wp-block-heading\">Datenspeicherung<\/h3>\n\n\n\n<p>Wir nutzen Ihre uns im Nennformular \u00fcbermittelten pers\u00f6nlichen Daten zum Zweck einer ordnungsgem\u00e4\u00dfen Abwicklung (Meldestelle, Rechenstelle, Rechnungslegung, allgemeine E-mail-Korrespondenz) des Turniers.<\/p>\n\n\n\n<h3 class=\"wp-block-heading\">Cookies<\/h3>\n\n\n\n<p>Unsere Website verwendet so genannte Cookies. Dabei handelt es sich um kleine Textdateien, die mit Hilfe des Browsers auf Ihrem Endger\u00e4t abgelegt werden. Sie richten keinen Schaden an.<\/p>\n\n\n\n<p>Wir nutzen Cookies dazu, unser Angebot nutzerfreundlich zu gestalten. Einige Cookies bleiben auf Ihrem Endger\u00e4t gespeichert, bis Sie diese l\u00f6schen. Sie erm\u00f6glichen es uns, Ihren Browser beim n\u00e4chsten Besuch wiederzuerkennen.<\/p>\n\n\n\n<p>Wenn Sie dies nicht w\u00fcnschen, so k\u00f6nnen Sie Ihren Browser so einrichten, dass er Sie \u00fcber das Setzen von Cookies informiert und Sie dies nur im Einzelfall erlauben.<\/p>\n\n\n\n<p>Bei der Deaktivierung von Cookies kann die Funktionalit\u00e4t unserer Website eingeschr\u00e4nkt sein.<\/p>\n\n\n\n<h3 class=\"wp-block-heading\">Ihre Rechte<\/h3>\n\n\n\n<p>Ihnen stehen bez\u00fcglich Ihrer bei uns gespeicherten Daten grunds\u00e4tzlich die Rechte auf Auskunft, Berichtigung, L\u00f6schung, Einschr\u00e4nkung, Daten\u00fcbertragbarkeit, Widerruf und Widerspruch zu.  So nicht andere Rechtsgrundlagen dagegensprechen, werden wir fristgerecht Ihrem Anliegen  Folge  leisten. Wenn Sie glauben, dass die Verarbeitung Ihrer Daten gegen das Datenschutzrecht verst\u00f6\u00dft oder Ihre datenschutzrechtlichen Anspr\u00fcche sonst in einer Weise verletzt worden sind, k\u00f6nnen Sie sich bei uns oder der Datenschutzbeh\u00f6rde beschweren.<\/p>\n\n\n\n<h4 class=\"wp-block-heading\"> Sie erreichen uns unter folgenden Kontaktdaten:  <\/h4>\n\n\n\n<p>Sportunion Islandpferde Reithof Piber<br>Schwabenlandl 10<br>A-5121 St. Radegund\/Ober\u00f6sterreich<br>Mail: sportunion@reithof-piber.at<\/p>\n","protected":false},"excerpt":{"rendered":"<p>Der Schutz Ihrer pers\u00f6nlichen Daten ist uns ein besonderes Anliegen. Wir verarbeiten Ihre Daten daher ausschlie\u00dflich auf Grundlage der gesetzlichen Bestimmungen (DSGVO, TKG 2003). In diesen Datenschutzinformationen informieren wir Sie \u00fcber die wichtigsten Aspekte der Datenverarbeitung im Rahmen unserer Website. Beim Besuch unserer Webseite wird Ihre IP-Adresse, Beginn und Ende der Sitzung f\u00fcr die Dauer&#8230;<\/p>\n","protected":false},"author":3,"featured_media":0,"parent":0,"menu_order":0,"comment_status":"closed","ping_status":"open","template":"","meta":{"footnotes":""},"class_list":["post-3","page","type-page","status-publish","hentry"],"_links":{"self":[{"href":"https:\/\/www.reithof-piber.at\/nennung\/wp-json\/wp\/v2\/pages\/3","targetHints":{"allow":["GET"]}}],"collection":[{"href":"https:\/\/www.reithof-piber.at\/nennung\/wp-json\/wp\/v2\/pages"}],"about":[{"href":"https:\/\/www.reithof-piber.at\/nennung\/wp-json\/wp\/v2\/types\/page"}],"author":[{"embeddable":true,"href":"https:\/\/www.reithof-piber.at\/nennung\/wp-json\/wp\/v2\/users\/3"}],"replies":[{"embeddable":true,"href":"https:\/\/www.reithof-piber.at\/nennung\/wp-json\/wp\/v2\/comments?post=3"}],"version-history":[{"count":2,"href":"https:\/\/www.reithof-piber.at\/nennung\/wp-json\/wp\/v2\/pages\/3\/revisions"}],"predecessor-version":[{"id":246,"href":"https:\/\/www.reithof-piber.at\/nennung\/wp-json\/wp\/v2\/pages\/3\/revisions\/246"}],"wp:attachment":[{"href":"https:\/\/www.reithof-piber.at\/nennung\/wp-json\/wp\/v2\/media?parent=3"}],"curies":[{"name":"wp","href":"https:\/\/api.w.org\/{rel}","templated":true}]}}